{"id":215,"date":"2016-05-06T18:17:09","date_gmt":"2016-05-06T11:17:09","guid":{"rendered":"http:\/\/www.suachuaotoluudonghcm.com\/Otoluudonghcm\/cart"},"modified":"2016-05-06T19:06:25","modified_gmt":"2016-05-06T12:06:25","slug":"cart","status":"publish","type":"page","link":"https:\/\/www.suachuaotoluudonghcm.com\/Otoluudonghcm\/cart","title":{"rendered":"Gi\u1ecf h\u00e0ng"},"content":{"rendered":"\n","protected":false},"excerpt":{"rendered":"","protected":false},"author":1,"featured_media":0,"parent":0,"menu_order":0,"comment_status":"closed","ping_status":"closed","template":"","meta":{"spay_email":"","footnotes":""},"yoast_head":"<!-- This site is optimized with the Yoast SEO plugin v18.4.1 - https:\/\/yoast.com\/wordpress\/plugins\/seo\/ -->\n<title>Gi\u1ecf h\u00e0ng - S\u1eeda ch\u1eefa \u00f4 t\u00f4 l\u01b0u \u0111\u1ed9ng TP. H\u1ed3 Ch\u00ed Minh 0938214955<\/title>\n<meta name=\"robots\" content=\"index, follow, max-snippet:-1, max-image-preview:large, max-video-preview:-1\" \/>\n<link rel=\"canonical\" href=\"https:\/\/www.suachuaotoluudonghcm.com\/Otoluudonghcm\/cart\" \/>\n<meta property=\"og:locale\" content=\"vi_VN\" \/>\n<meta property=\"og:type\" content=\"article\" \/>\n<meta property=\"og:title\" content=\"Gi\u1ecf h\u00e0ng - S\u1eeda ch\u1eefa \u00f4 t\u00f4 l\u01b0u \u0111\u1ed9ng TP. H\u1ed3 Ch\u00ed Minh 0938214955\" \/>\n<meta property=\"og:url\" content=\"https:\/\/www.suachuaotoluudonghcm.com\/Otoluudonghcm\/cart\" \/>\n<meta property=\"og:site_name\" content=\"S\u1eeda ch\u1eefa \u00f4 t\u00f4 l\u01b0u \u0111\u1ed9ng TP. H\u1ed3 Ch\u00ed Minh 0938214955\" \/>\n<meta property=\"article:publisher\" content=\"https:\/\/m.facebook.com\/SuachuaotoluudongTp.HCM0938214955\/\" \/>\n<meta property=\"article:modified_time\" content=\"2016-05-06T12:06:25+00:00\" \/>\n<meta name=\"twitter:card\" content=\"summary\" \/>\n<script type=\"application\/ld+json\" class=\"yoast-schema-graph\">{\"@context\":\"https:\/\/schema.org\",\"@graph\":[{\"@type\":\"WebSite\",\"@id\":\"http:\/\/www.suachuaotoluudonghcm.com\/Otoluudonghcm\/#website\",\"url\":\"http:\/\/www.suachuaotoluudonghcm.com\/Otoluudonghcm\/\",\"name\":\"S\u1eeda ch\u1eefa \u00f4 t\u00f4 l\u01b0u \u0111\u1ed9ng TP. H\u1ed3 Ch\u00ed Minh 0938214955\",\"description\":\"Cung \u1ee9ng dich v\u1ecb tr\u00ean m\u1ecdi n\u1ebbo \u0111\u01b0\u1eddng\",\"potentialAction\":[{\"@type\":\"SearchAction\",\"target\":{\"@type\":\"EntryPoint\",\"urlTemplate\":\"http:\/\/www.suachuaotoluudonghcm.com\/Otoluudonghcm\/?s={search_term_string}\"},\"query-input\":\"required name=search_term_string\"}],\"inLanguage\":\"vi\"},{\"@type\":\"WebPage\",\"@id\":\"https:\/\/www.suachuaotoluudonghcm.com\/Otoluudonghcm\/cart#webpage\",\"url\":\"https:\/\/www.suachuaotoluudonghcm.com\/Otoluudonghcm\/cart\",\"name\":\"Gi\u1ecf h\u00e0ng - S\u1eeda ch\u1eefa \u00f4 t\u00f4 l\u01b0u \u0111\u1ed9ng TP. H\u1ed3 Ch\u00ed Minh 0938214955\",\"isPartOf\":{\"@id\":\"http:\/\/www.suachuaotoluudonghcm.com\/Otoluudonghcm\/#website\"},\"datePublished\":\"2016-05-06T11:17:09+00:00\",\"dateModified\":\"2016-05-06T12:06:25+00:00\",\"breadcrumb\":{\"@id\":\"https:\/\/www.suachuaotoluudonghcm.com\/Otoluudonghcm\/cart#breadcrumb\"},\"inLanguage\":\"vi\",\"potentialAction\":[{\"@type\":\"ReadAction\",\"target\":[\"https:\/\/www.suachuaotoluudonghcm.com\/Otoluudonghcm\/cart\"]}]},{\"@type\":\"BreadcrumbList\",\"@id\":\"https:\/\/www.suachuaotoluudonghcm.com\/Otoluudonghcm\/cart#breadcrumb\",\"itemListElement\":[{\"@type\":\"ListItem\",\"position\":1,\"name\":\"Home\",\"item\":\"http:\/\/www.suachuaotoluudonghcm.com\/Otoluudonghcm\/\"},{\"@type\":\"ListItem\",\"position\":2,\"name\":\"Gi\u1ecf h\u00e0ng\"}]}]}<\/script>\n<!-- \/ Yoast SEO plugin. -->","yoast_head_json":{"title":"Gi\u1ecf h\u00e0ng - S\u1eeda ch\u1eefa \u00f4 t\u00f4 l\u01b0u \u0111\u1ed9ng TP. H\u1ed3 Ch\u00ed Minh 0938214955","robots":{"index":"index","follow":"follow","max-snippet":"max-snippet:-1","max-image-preview":"max-image-preview:large","max-video-preview":"max-video-preview:-1"},"canonical":"https:\/\/www.suachuaotoluudonghcm.com\/Otoluudonghcm\/cart","og_locale":"vi_VN","og_type":"article","og_title":"Gi\u1ecf h\u00e0ng - S\u1eeda ch\u1eefa \u00f4 t\u00f4 l\u01b0u \u0111\u1ed9ng TP. H\u1ed3 Ch\u00ed Minh 0938214955","og_url":"https:\/\/www.suachuaotoluudonghcm.com\/Otoluudonghcm\/cart","og_site_name":"S\u1eeda ch\u1eefa \u00f4 t\u00f4 l\u01b0u \u0111\u1ed9ng TP. H\u1ed3 Ch\u00ed Minh 0938214955","article_publisher":"https:\/\/m.facebook.com\/SuachuaotoluudongTp.HCM0938214955\/","article_modified_time":"2016-05-06T12:06:25+00:00","twitter_card":"summary","schema":{"@context":"https:\/\/schema.org","@graph":[{"@type":"WebSite","@id":"http:\/\/www.suachuaotoluudonghcm.com\/Otoluudonghcm\/#website","url":"http:\/\/www.suachuaotoluudonghcm.com\/Otoluudonghcm\/","name":"S\u1eeda ch\u1eefa \u00f4 t\u00f4 l\u01b0u \u0111\u1ed9ng TP. H\u1ed3 Ch\u00ed Minh 0938214955","description":"Cung \u1ee9ng dich v\u1ecb tr\u00ean m\u1ecdi n\u1ebbo \u0111\u01b0\u1eddng","potentialAction":[{"@type":"SearchAction","target":{"@type":"EntryPoint","urlTemplate":"http:\/\/www.suachuaotoluudonghcm.com\/Otoluudonghcm\/?s={search_term_string}"},"query-input":"required name=search_term_string"}],"inLanguage":"vi"},{"@type":"WebPage","@id":"https:\/\/www.suachuaotoluudonghcm.com\/Otoluudonghcm\/cart#webpage","url":"https:\/\/www.suachuaotoluudonghcm.com\/Otoluudonghcm\/cart","name":"Gi\u1ecf h\u00e0ng - S\u1eeda ch\u1eefa \u00f4 t\u00f4 l\u01b0u \u0111\u1ed9ng TP. H\u1ed3 Ch\u00ed Minh 0938214955","isPartOf":{"@id":"http:\/\/www.suachuaotoluudonghcm.com\/Otoluudonghcm\/#website"},"datePublished":"2016-05-06T11:17:09+00:00","dateModified":"2016-05-06T12:06:25+00:00","breadcrumb":{"@id":"https:\/\/www.suachuaotoluudonghcm.com\/Otoluudonghcm\/cart#breadcrumb"},"inLanguage":"vi","potentialAction":[{"@type":"ReadAction","target":["https:\/\/www.suachuaotoluudonghcm.com\/Otoluudonghcm\/cart"]}]},{"@type":"BreadcrumbList","@id":"https:\/\/www.suachuaotoluudonghcm.com\/Otoluudonghcm\/cart#breadcrumb","itemListElement":[{"@type":"ListItem","position":1,"name":"Home","item":"http:\/\/www.suachuaotoluudonghcm.com\/Otoluudonghcm\/"},{"@type":"ListItem","position":2,"name":"Gi\u1ecf h\u00e0ng"}]}]}},"jetpack_sharing_enabled":true,"jetpack_shortlink":"https:\/\/wp.me\/P7iZid-3t","jetpack-related-posts":[{"id":89,"url":"https:\/\/www.suachuaotoluudonghcm.com\/Otoluudonghcm\/cho-thue-gia-re","url_meta":{"origin":215,"position":0},"title":"Cho thu\u00ea gi\u00e1 r\u1ebb","date":"Th\u00e1ng Ba 8, 2016","format":false,"excerpt":"Nhu c\u1ea7u du l\u1ecbch, \u0111i l\u1ea1i b\u1eb1ng ph\u01b0\u01a1ng ti\u1ec7n xe \u00f4 t\u00f4 ng\u00e0y c\u00e0ng nhi\u1ec1u, b\u00ean c\u1ea1nh d\u1ecbch v\u1ee5 Taxi gi\u00e1 r\u1ebb nh\u01b0ng c\u0169ng c\u00f3 nh\u1eefng m\u1eb7t h\u1ea1n ch\u1ebf nh\u01b0 kh\u00f4ng \u0111i xa \u1edf c\u00e1c T\u1ec9nh l\u00e2n c\u1eadn v\u00ec gi\u00e1 \u0111\u1eaft. V\u00ec v\u1eady d\u1ecbch v\u1ee5 ch\u00fang t\u00f4i nh\u1eb1m \u0111\u00e1p \u1ee9ng\u2026","rel":"","context":"Similar post","img":{"alt_text":"chothuexenghean","src":"https:\/\/i0.wp.com\/www.suachuaotoluudonghcm.com\/Otoluudonghcm\/wp-content\/uploads\/2016\/03\/chothuexenghean.jpg?resize=350%2C200","width":350,"height":200},"classes":[]},{"id":72,"url":"https:\/\/www.suachuaotoluudonghcm.com\/Otoluudonghcm\/sua-chua-o-to-luu-dong-sai-gon-0938214955\/goc-ky-thuat-tu-van-ky-thuat","url_meta":{"origin":215,"position":1},"title":"G\u00f3c k\u1ef9 thu\u1eadt $ t\u01b0 v\u1ea5n","date":"Th\u00e1ng Ba 8, 2016","format":false,"excerpt":"B\u1ea3ng m\u00e3 l\u1ed7i th\u01b0\u1eddng g\u1eb7p tr\u00ean xe Toyota Ph\u1ee5 l\u1ee5c 1: B\u1ea2NG M\u00c3 L\u1ed6I CH\u1ea8N \u0110O\u00c1N (h\u00e3ng TOYOTA \u2013 OBD1) \u00a0 S\u1ed1 hi\u1ec7u m\u00e3 Lo\u1ea1i t\u00edn hi\u1ec7u Ch\u1ea9n \u0111o\u00e1n Khu v\u1ef1c c\u00f3 h\u1ecfng h\u00f3c 12 T\u00edn hi\u1ec7u v\u00f2ng quay Kh\u00f4ng c\u00f3 t\u00edn hi\u1ec7u t\u1eeb c\u1ef1c NE v\u00e0o h\u1ed9p ECU trong\u2026","rel":"","context":"Similar post","img":{"alt_text":"","src":"","width":0,"height":0},"classes":[]},{"id":48,"url":"https:\/\/www.suachuaotoluudonghcm.com\/Otoluudonghcm\/mua-ban-trao-doi-o-to-da-qua-su-dung","url_meta":{"origin":215,"position":2},"title":"Mua b\u00e1n trao \u0111\u1ed5i \u00f4 t\u00f4 \u0111\u00e3 qua s\u1eed d\u1ee5ng","date":"Th\u00e1ng Ba 8, 2016","format":false,"excerpt":"Hi\u1ec7n t\u1ea1i ch\u00fang t\u00f4i c\u00f3 nhu c\u1ea7u mua m\u1ed9t s\u1ed1 l\u01b0\u1ee3ng l\u1edbn xe \u0111\u00e3 qua s\u1eed d\u1ee5ng c\u1ee7a t\u1ea5t c\u1ea3 c\u00e1c h\u00e3ng. Qu\u00fd kh\u00e1ch h\u00e0ng c\u00f3 nhu c\u1ea7u vui l\u00f2ng li\u00ean h\u1ec7 s\u1ed1 0938214955 G\u1eb7p A. Tr\u1ecdng \u0111\u1ec3 \u0111\u01b0\u1ee3c t\u01b0 v\u1ea5n.","rel":"","context":"Similar post","img":{"alt_text":"Banner-dich-vu-xe-toyota-da-qua-su-dung","src":"https:\/\/i0.wp.com\/www.suachuaotoluudonghcm.com\/Otoluudonghcm\/wp-content\/uploads\/2016\/03\/Banner-dich-vu-xe-toyota-da-qua-su-dung-1024x490.jpg?resize=350%2C200","width":350,"height":200},"classes":[]},{"id":2,"url":"https:\/\/www.suachuaotoluudonghcm.com\/Otoluudonghcm\/","url_meta":{"origin":215,"position":3},"title":"Gi\u1edbi thi\u1ec7u D\u1ecbch v\u1ee5 s\u1eeda ch\u1eefa \u00d4t\u00f4 l\u01b0u \u0111\u1ed9ng TPHCM","date":"Th\u00e1ng Ba 5, 2016","format":false,"excerpt":"Hotline: 0938.214.955 Mr Tr\u1ecdng Ch\u00fang t\u00f4i \u0111\u1ed9i ng\u0169 s\u1eeda ch\u1eefa \u00f4 t\u00f4 l\u01b0u \u0111\u1ed9ng Tp.HCM \u0111\u00e3 ho\u1ea1t \u0111\u1ed9ng nhi\u1ec1u n\u0103m trong l\u0129nh v\u1ef1c, \u0111\u1ed9i ng\u0169 nh\u00e2n vi\u00ean chuy\u00ean nghi\u1ec7p hi\u1ec7n \u0111\u00e3 v\u00e0 \u0111ang l\u00e0m vi\u1ec7c t\u1ea1i c\u00e1c h\u00e3ng xe n\u1ed5i ti\u1ebfng trong Tp.HCM nh\u01b0 BMW, Mercedes, Toyota, Audi, Lexus, Ladrover.....\u2026","rel":"","context":"Similar post","img":{"alt_text":"12043160_1010705262284396_3779239176617205381_n","src":"https:\/\/i0.wp.com\/www.suachuaotoluudonghcm.com\/Otoluudonghcm\/wp-content\/uploads\/2016\/03\/12043160_1010705262284396_3779239176617205381_n-2.jpg?resize=350%2C200","width":350,"height":200},"classes":[]},{"id":214,"url":"https:\/\/www.suachuaotoluudonghcm.com\/Otoluudonghcm\/shop","url_meta":{"origin":215,"position":4},"title":"C\u1eeda h\u00e0ng s\u1ea3n ph\u1ea9m","date":"Th\u00e1ng N\u0103m 6, 2016","format":false,"excerpt":"","rel":"","context":"Similar post","img":{"alt_text":"","src":"","width":0,"height":0},"classes":[]},{"id":427,"url":"https:\/\/www.suachuaotoluudonghcm.com\/Otoluudonghcm\/mua-ban-trao-doi-o-to-da-qua-su-dung\/tu-van-mua-ban-o","url_meta":{"origin":215,"position":5},"title":"T\u01b0 v\u1ea5n mua b\u00e1n \u00f4 t\u00f4.","date":"Th\u00e1ng M\u01b0\u1eddi 15, 2016","format":false,"excerpt":"Nhu c\u1ea7u s\u1eed d\u1ee5ng xe c\u00e1 nh\u00e2n ng\u00e0y c\u00e0ng t\u0103ng, \u0111\u1ec3 ch\u1ecdn mua m\u1ed9t chi\u1ebfc xe \u01b0ng \u00fd th\u1eadt l\u00e0 kh\u00f3 kh\u0103n, \u0111\u00f2i h\u1ecfi am hi\u1ec3u v\u1ec1 k\u1ef9 thu\u1eadt, gi\u00e1 c\u1ea3 th\u1ecb tr\u01b0\u1eddng, m\u00e0u s\u1eafc... V\u00ec v\u1eady khi qu\u00fd kh\u00e1ch c\u00f3 nhu c\u1ea7u mua xe m\u1edbi, b\u00e1n xe, trao \u0111\u1ed5i\u2026","rel":"","context":"Similar post","img":{"alt_text":"","src":"https:\/\/i0.wp.com\/www.suachuaotoluudonghcm.com\/Otoluudonghcm\/wp-content\/uploads\/2016\/10\/11-chot_uqrl-300x225.jpg?resize=350%2C200","width":350,"height":200},"classes":[]}],"_links":{"self":[{"href":"https:\/\/www.suachuaotoluudonghcm.com\/Otoluudonghcm\/wp-json\/wp\/v2\/pages\/215"}],"collection":[{"href":"https:\/\/www.suachuaotoluudonghcm.com\/Otoluudonghcm\/wp-json\/wp\/v2\/pages"}],"about":[{"href":"https:\/\/www.suachuaotoluudonghcm.com\/Otoluudonghcm\/wp-json\/wp\/v2\/types\/page"}],"author":[{"embeddable":true,"href":"https:\/\/www.suachuaotoluudonghcm.com\/Otoluudonghcm\/wp-json\/wp\/v2\/users\/1"}],"replies":[{"embeddable":true,"href":"https:\/\/www.suachuaotoluudonghcm.com\/Otoluudonghcm\/wp-json\/wp\/v2\/comments?post=215"}],"version-history":[{"count":1,"href":"https:\/\/www.suachuaotoluudonghcm.com\/Otoluudonghcm\/wp-json\/wp\/v2\/pages\/215\/revisions"}],"predecessor-version":[{"id":226,"href":"https:\/\/www.suachuaotoluudonghcm.com\/Otoluudonghcm\/wp-json\/wp\/v2\/pages\/215\/revisions\/226"}],"wp:attachment":[{"href":"https:\/\/www.suachuaotoluudonghcm.com\/Otoluudonghcm\/wp-json\/wp\/v2\/media?parent=215"}],"curies":[{"name":"wp","href":"https:\/\/api.w.org\/{rel}","templated":true}]}}